{"id":3424,"date":"2025-02-13T17:37:11","date_gmt":"2025-02-13T16:37:11","guid":{"rendered":"https:\/\/istitutopascalchieri.it\/?page_id=3424"},"modified":"2025-09-05T15:39:14","modified_gmt":"2025-09-05T13:39:14","slug":"beginner-daisy","status":"publish","type":"page","link":"https:\/\/istitutopascalchieri.it\/en\/daisy-primary-school\/beginner-daisy\/","title":{"rendered":"Beginner Daisy"},"content":{"rendered":"<div id=\"pl-3424\"  class=\"panel-layout\" ><div id=\"pg-3424-0\"  class=\"panel-grid panel-no-style\" ><div id=\"pgc-3424-0-0\"  class=\"panel-grid-cell\" ><div id=\"panel-3424-0-0-0\" class=\"so-panel widget widget_sow-editor panel-first-child\" data-index=\"0\" ><div\n\t\t\t\n\t\t\tclass=\"so-widget-sow-editor so-widget-sow-editor-base\"\n\t\t\t\n\t\t>\n<div class=\"siteorigin-widget-tinymce textwidget\">\n\t<p><strong>What is Beginner Daisy?<\/strong><\/p>\n<p>Beginner Daisy is an intermediate class between the final year of kindergarten and the first year of primary school. It is open to all five-year-old children, including those born after April 30.<\/p>\n<\/div>\n<\/div><\/div><div id=\"panel-3424-0-0-1\" class=\"so-panel widget widget_sow-editor\" data-index=\"1\" ><div\n\t\t\t\n\t\t\tclass=\"so-widget-sow-editor so-widget-sow-editor-base\"\n\t\t\t\n\t\t>\n<div class=\"siteorigin-widget-tinymce textwidget\">\n\t<hr \/>\n<p style=\"text-align: center;\"><a class=\"btn\" href=\"https:\/\/istitutopascalchieri.it\/wp-content\/uploads\/2025\/02\/MODULO-DISCRIZIONE-BEGINNER-DAISY-2025-2026.pdf\" target=\"_blank\" rel=\"noopener\">Download the registration form<\/a><\/p>\n<hr \/>\n<p style=\"text-align: center;\">\n<\/div>\n<\/div><\/div><div id=\"panel-3424-0-0-2\" class=\"so-panel widget widget_sow-editor\" data-index=\"2\" ><div\n\t\t\t\n\t\t\tclass=\"so-widget-sow-editor so-widget-sow-editor-base\"\n\t\t\t\n\t\t>\n<div class=\"siteorigin-widget-tinymce textwidget\">\n\t<p><strong><img loading=\"lazy\" decoding=\"async\" class=\"wp-image-2706 alignleft\" src=\"https:\/\/istitutopascalchieri.it\/wp-content\/uploads\/2025\/02\/beginner1.jpg\" alt=\"Beginner Daisy\" width=\"294\" height=\"392\" srcset=\"https:\/\/istitutopascalchieri.it\/wp-content\/uploads\/2025\/02\/beginner1.jpg 1200w, https:\/\/istitutopascalchieri.it\/wp-content\/uploads\/2025\/02\/beginner1-225x300.jpg 225w, https:\/\/istitutopascalchieri.it\/wp-content\/uploads\/2025\/02\/beginner1-768x1024.jpg 768w, https:\/\/istitutopascalchieri.it\/wp-content\/uploads\/2025\/02\/beginner1-1152x1536.jpg 1152w\" sizes=\"auto, (max-width: 294px) 100vw, 294px\" \/>Can a child start \u201cPrimina\u201d (first grade) in Beginner Daisy, and what are the requirements for early school enrollment?<br \/>\n<\/strong><\/p>\n<p>Beginner Daisy was designed specifically for children eligible for early school enrollment. This early entry allows children born between January 1 and April 30 to start primary school at age five and a half (as per the 2003 Moratti Reform).<\/p>\n<p><strong>What does Beginner Daisy offer to children born after April 30 whose parents consider them emotionally mature and prefer not to have them attend a final year of kindergarten, but instead want an environment to properly prepare them for first grade?<\/strong><\/p>\n<p>Beginner Daisy warmly welcomes children in their final year of kindergarten and extends its offer to children born after April 30.<br \/>\nThis means that even if a child was born in June, they can still benefit from the program, despite not being eligible for early school entry.<br \/>\nOur educational path is designed to prepare children in a comprehensive and stimulating way, with special attention to learning foreign languages. Through interactive activities, children acquire language skills that will be essential when transitioning to first grade.<\/p>\n<p><strong>What happens if a child enrolled early in first grade does not demonstrate the necessary cognitive, emotional, and relational maturity during the year?<\/strong><\/p>\n<p>If an early-entry child starts first grade but later shows they have not reached the required cognitive, emotional, and relational maturity, they will not remain in first grade. Instead, they will be placed in a specific preparatory program for first grade. This tailored approach supports the child in a more suitable environment\u2014similar to first grade but with a focus on developing essential skills. In this preparatory class, children can develop their abilities in a context that emphasizes appropriate study rhythms and methodologies to learn languages and core subjects, all while maintaining a playful and relational educational approach.<\/p>\n<p><strong>Beginner Daisy<\/strong> was created precisely for this purpose, offering an educational project that accompanies children along their growth journey so that they can face the transition to primary school with greater confidence and competence. Our approach ensures that every child can progress at their own pace, providing a smooth and successful transition to first grade.<\/p>\n<\/div>\n<\/div><\/div><div id=\"panel-3424-0-0-3\" class=\"so-panel widget widget_sow-editor panel-last-child\" data-index=\"3\" ><div\n\t\t\t\n\t\t\tclass=\"so-widget-sow-editor so-widget-sow-editor-base\"\n\t\t\t\n\t\t>\n<div class=\"siteorigin-widget-tinymce textwidget\">\n\t<hr \/>\n<p style=\"text-align: center;\"><a class=\"btn\" href=\"https:\/\/istitutopascalchieri.it\/wp-content\/uploads\/2025\/02\/MODULO-DISCRIZIONE-BEGINNER-DAISY-2025-2026.pdf\" target=\"_blank\" rel=\"noopener\">Download the registration form<\/a><\/p>\n<hr \/>\n<p style=\"text-align: center;\">\n<\/div>\n<\/div><\/div><\/div><\/div><div id=\"pg-3424-1\"  class=\"panel-grid panel-has-style\" ><div class=\"panel-row-style panel-row-style-for-3424-1\" ><div id=\"pgc-3424-1-0\"  class=\"panel-grid-cell\" ><div id=\"panel-3424-1-0-0\" class=\"so-panel widget widget_sow-editor panel-first-child panel-last-child\" data-index=\"4\" ><div\n\t\t\t\n\t\t\tclass=\"so-widget-sow-editor so-widget-sow-editor-base\"\n\t\t\t\n\t\t>\n<div class=\"siteorigin-widget-tinymce textwidget\">\n\t<p><strong>Che cos'\u00e8 la Beginner Daisy?<\/strong><\/p>\n<p><img loading=\"lazy\" decoding=\"async\" class=\"wp-image-2706 alignleft\" src=\"https:\/\/istitutopascalchieri.it\/wp-content\/uploads\/2025\/02\/beginner1.jpg\" alt=\"Beginner Daisy\" width=\"274\" height=\"365\" srcset=\"https:\/\/istitutopascalchieri.it\/wp-content\/uploads\/2025\/02\/beginner1.jpg 1200w, https:\/\/istitutopascalchieri.it\/wp-content\/uploads\/2025\/02\/beginner1-225x300.jpg 225w, https:\/\/istitutopascalchieri.it\/wp-content\/uploads\/2025\/02\/beginner1-768x1024.jpg 768w, https:\/\/istitutopascalchieri.it\/wp-content\/uploads\/2025\/02\/beginner1-1152x1536.jpg 1152w\" sizes=\"auto, (max-width: 274px) 100vw, 274px\" \/>La <strong>Beginner Daisy<\/strong> \u00e8 una classe intermedia fra l'ultimo anno di scuola dell'infanzia e la prima elementare aperta a tutti i bimbi di cinque anni, anche ai bimbi nati dopo il 30 aprile.<\/p>\n<p><strong>Si pu\u00f2 fare la \u201cprimina\u201d alla Beginner Daisy e quali sono i requisiti per l\u2019anticipo scolastico?<\/strong><\/p>\n<p>La <strong>Beginner Daisy<\/strong> \u00e8 stata studiata appositamente per i bimbi anticipatari. L'anticipo scolastico consente ai bambini nati tra l'1 gennaio e il 30 aprile di accedere alla scuola primaria a 5 anni e mezzo. (Riforma Moratti del 2003).<\/p>\n<p><strong>Che cosa offre il programma \"Beginner Daisy\" ai bambini nati dopo il 30 aprile, i cui genitori considerano emotivamente maturi e preferiscono non inserirli nell'ultimo anno della scuola dell'infanzia, ma desiderano un ambiente che li prepari adeguatamente per la prima elementare?<\/strong><\/p>\n<p>Alla <strong>Beginner Daisy<\/strong>, accogliamo con entusiasmo i bambini dell'ultimo anno di scuola dell'infanzia, estendendo la nostra offerta anche ai piccoli nati dopo il 30 aprile. Questo significa che anche se un bambino \u00e8 nato a giugno, pu\u00f2 comunque beneficiare del nostro programma, nonostante non rientri nei requisiti per anticipare l'ingresso nella scuola elementare.<br \/>Il nostro percorso educativo \u00e8 concepito per prepare i bambini in modo completo e stimolante, con un'attenzione particolare all'apprendimento delle lingue straniere. Attraverso attivit\u00e0 interattive i bambini acquisiscono competenze linguistiche che saranno fondamentali quando si troveranno ad affrontare la prima elementare. L'approccio che adottiamo \u00e8 mirato a garantire che ogni bambino, indipendentemente dalla propria data di nascita, possa sviluppare le abilit\u00e0 necessarie per affrontare con successo il passaggio alla scuola primaria.<br \/>Il nostro ambiente educativo \u00e8 progettato per favorire la socializzazione e il lavoro di gruppo, elementi essenziali per la crescita personale e sociale del bambino.<\/p>\n<p><strong>Cosa succede a un bambino che ha iniziato la scuola primaria in anticipo se, durante l'anno, non dimostra di aver raggiunto la maturit\u00e0 cognitiva, emotiva e relazionale?<\/strong><\/p>\n<p>Se un bambino anticipatario ha iniziato la primina ma, nel corso dell'anno, dimostra di non aver raggiunto la maturit\u00e0 cognitiva, emotiva e relazionale necessaria, non frequenter\u00e0 la prima elementare. Invece, sar\u00e0 inserito in un programma specifico di preparazione alla futura classe prima. Questo approccio consente di supportare il bambino in un ambiente pi\u00f9 adatto alle sue esigenze, simile a quello della prima elementare, ma con un focus particolare sull'evoluzione delle competenze necessarie.<br \/>In questa classe di preparazione, i bambini avranno l'opportunit\u00e0 di sviluppare le loro capacit\u00e0 in un contesto che enfatizza tempi e modalit\u00e0 di studio per le lingue e le materie di base, mantenendo al contempo un approccio educativo ludico e relazionale.<\/p>\n<p><strong>Beginner Daisy<\/strong> \u00e8 stata concepita proprio con questo obiettivo, offrendo un progetto didattico che accompagna i bambini in un percorso di crescita, affinch\u00e9 possano affrontare con maggiore sicurezza e competenza il passaggio alla scuola primaria. Questo approccio mira a garantire che ogni bambino possa progredire secondo il proprio ritmo, assicurando una transizione serena e proficua verso la prima elementare.<\/p>\n<\/div>\n<\/div><\/div><\/div><\/div><\/div><\/div>","protected":false},"excerpt":{"rendered":"<p>What is Beginner Daisy? Beginner Daisy is an intermediate class between the<a href=\"https:\/\/istitutopascalchieri.it\/en\/daisy-primary-school\/beginner-daisy\/\"> &#8230;<\/a><\/p>\n","protected":false},"author":1,"featured_media":3426,"parent":3482,"menu_order":0,"comment_status":"closed","ping_status":"closed","template":"","meta":{"footnotes":""},"class_list":["post-3424","page","type-page","status-publish","has-post-thumbnail","hentry"],"yoast_head":"<!-- This site is optimized with the Yoast SEO plugin v27.2 - https:\/\/yoast.com\/product\/yoast-seo-wordpress\/ -->\n<title>Beginner Daisy - Istituto Pascal Chieri<\/title>\n<meta name=\"robots\" content=\"index, follow, max-snippet:-1, max-image-preview:large, max-video-preview:-1\" \/>\n<link rel=\"canonical\" href=\"https:\/\/istitutopascalchieri.it\/en\/daisy-primary-school\/beginner-daisy\/\" \/>\n<meta property=\"og:locale\" content=\"en_US\" \/>\n<meta property=\"og:type\" content=\"article\" \/>\n<meta property=\"og:title\" content=\"Beginner Daisy - Istituto Pascal Chieri\" \/>\n<meta property=\"og:description\" content=\"What is Beginner Daisy? Beginner Daisy is an intermediate class between the ...\" \/>\n<meta property=\"og:url\" content=\"https:\/\/istitutopascalchieri.it\/en\/daisy-primary-school\/beginner-daisy\/\" \/>\n<meta property=\"og:site_name\" content=\"Istituto Pascal Chieri\" \/>\n<meta property=\"article:modified_time\" content=\"2025-09-05T13:39:14+00:00\" \/>\n<meta property=\"og:image\" content=\"https:\/\/istitutopascalchieri.it\/wp-content\/uploads\/2025\/02\/beginner1.jpg\" \/>\n\t<meta property=\"og:image:width\" content=\"1200\" \/>\n\t<meta property=\"og:image:height\" content=\"1600\" \/>\n\t<meta property=\"og:image:type\" content=\"image\/jpeg\" \/>\n<meta name=\"twitter:card\" content=\"summary_large_image\" \/>\n<meta name=\"twitter:label1\" content=\"Est. reading time\" \/>\n\t<meta name=\"twitter:data1\" content=\"6 minutes\" \/>\n<script type=\"application\/ld+json\" class=\"yoast-schema-graph\">{\"@context\":\"https:\/\/schema.org\",\"@graph\":[{\"@type\":\"WebPage\",\"@id\":\"https:\/\/istitutopascalchieri.it\/en\/daisy-primary-school\/beginner-daisy\/\",\"url\":\"https:\/\/istitutopascalchieri.it\/en\/daisy-primary-school\/beginner-daisy\/\",\"name\":\"Beginner Daisy - Istituto Pascal Chieri\",\"isPartOf\":{\"@id\":\"https:\/\/istitutopascalchieri.it\/en\/#website\"},\"primaryImageOfPage\":{\"@id\":\"https:\/\/istitutopascalchieri.it\/en\/daisy-primary-school\/beginner-daisy\/#primaryimage\"},\"image\":{\"@id\":\"https:\/\/istitutopascalchieri.it\/en\/daisy-primary-school\/beginner-daisy\/#primaryimage\"},\"thumbnailUrl\":\"https:\/\/istitutopascalchieri.it\/wp-content\/uploads\/2025\/02\/beginner1.jpg\",\"datePublished\":\"2025-02-13T16:37:11+00:00\",\"dateModified\":\"2025-09-05T13:39:14+00:00\",\"breadcrumb\":{\"@id\":\"https:\/\/istitutopascalchieri.it\/en\/daisy-primary-school\/beginner-daisy\/#breadcrumb\"},\"inLanguage\":\"en-US\",\"potentialAction\":[{\"@type\":\"ReadAction\",\"target\":[\"https:\/\/istitutopascalchieri.it\/en\/daisy-primary-school\/beginner-daisy\/\"]}]},{\"@type\":\"ImageObject\",\"inLanguage\":\"en-US\",\"@id\":\"https:\/\/istitutopascalchieri.it\/en\/daisy-primary-school\/beginner-daisy\/#primaryimage\",\"url\":\"https:\/\/istitutopascalchieri.it\/wp-content\/uploads\/2025\/02\/beginner1.jpg\",\"contentUrl\":\"https:\/\/istitutopascalchieri.it\/wp-content\/uploads\/2025\/02\/beginner1.jpg\",\"width\":1200,\"height\":1600,\"caption\":\"Beginner Daisy\"},{\"@type\":\"BreadcrumbList\",\"@id\":\"https:\/\/istitutopascalchieri.it\/en\/daisy-primary-school\/beginner-daisy\/#breadcrumb\",\"itemListElement\":[{\"@type\":\"ListItem\",\"position\":1,\"name\":\"Home\",\"item\":\"https:\/\/istitutopascalchieri.it\/en\/\"},{\"@type\":\"ListItem\",\"position\":2,\"name\":\"Beginner Daisy\"}]},{\"@type\":\"WebSite\",\"@id\":\"https:\/\/istitutopascalchieri.it\/en\/#website\",\"url\":\"https:\/\/istitutopascalchieri.it\/en\/\",\"name\":\"Istituto Pascal Chieri\",\"description\":\"\",\"publisher\":{\"@id\":\"https:\/\/istitutopascalchieri.it\/en\/#organization\"},\"potentialAction\":[{\"@type\":\"SearchAction\",\"target\":{\"@type\":\"EntryPoint\",\"urlTemplate\":\"https:\/\/istitutopascalchieri.it\/en\/?s={search_term_string}\"},\"query-input\":{\"@type\":\"PropertyValueSpecification\",\"valueRequired\":true,\"valueName\":\"search_term_string\"}}],\"inLanguage\":\"en-US\"},{\"@type\":\"Organization\",\"@id\":\"https:\/\/istitutopascalchieri.it\/en\/#organization\",\"name\":\"Istituto Pascal Chieri\",\"url\":\"https:\/\/istitutopascalchieri.it\/en\/\",\"logo\":{\"@type\":\"ImageObject\",\"inLanguage\":\"en-US\",\"@id\":\"https:\/\/istitutopascalchieri.it\/en\/#\/schema\/logo\/image\/\",\"url\":\"https:\/\/istitutopascalchieri.it\/wp-content\/uploads\/2025\/10\/logo-giallo.png\",\"contentUrl\":\"https:\/\/istitutopascalchieri.it\/wp-content\/uploads\/2025\/10\/logo-giallo.png\",\"width\":599,\"height\":348,\"caption\":\"Istituto Pascal Chieri\"},\"image\":{\"@id\":\"https:\/\/istitutopascalchieri.it\/en\/#\/schema\/logo\/image\/\"}}]}<\/script>\n<!-- \/ Yoast SEO plugin. -->","yoast_head_json":{"title":"Beginner Daisy - Istituto Pascal Chieri","robots":{"index":"index","follow":"follow","max-snippet":"max-snippet:-1","max-image-preview":"max-image-preview:large","max-video-preview":"max-video-preview:-1"},"canonical":"https:\/\/istitutopascalchieri.it\/en\/daisy-primary-school\/beginner-daisy\/","og_locale":"en_US","og_type":"article","og_title":"Beginner Daisy - Istituto Pascal Chieri","og_description":"What is Beginner Daisy? Beginner Daisy is an intermediate class between the ...","og_url":"https:\/\/istitutopascalchieri.it\/en\/daisy-primary-school\/beginner-daisy\/","og_site_name":"Istituto Pascal Chieri","article_modified_time":"2025-09-05T13:39:14+00:00","og_image":[{"width":1200,"height":1600,"url":"https:\/\/istitutopascalchieri.it\/wp-content\/uploads\/2025\/02\/beginner1.jpg","type":"image\/jpeg"}],"twitter_card":"summary_large_image","twitter_misc":{"Est. reading time":"6 minutes"},"schema":{"@context":"https:\/\/schema.org","@graph":[{"@type":"WebPage","@id":"https:\/\/istitutopascalchieri.it\/en\/daisy-primary-school\/beginner-daisy\/","url":"https:\/\/istitutopascalchieri.it\/en\/daisy-primary-school\/beginner-daisy\/","name":"Beginner Daisy - Istituto Pascal Chieri","isPartOf":{"@id":"https:\/\/istitutopascalchieri.it\/en\/#website"},"primaryImageOfPage":{"@id":"https:\/\/istitutopascalchieri.it\/en\/daisy-primary-school\/beginner-daisy\/#primaryimage"},"image":{"@id":"https:\/\/istitutopascalchieri.it\/en\/daisy-primary-school\/beginner-daisy\/#primaryimage"},"thumbnailUrl":"https:\/\/istitutopascalchieri.it\/wp-content\/uploads\/2025\/02\/beginner1.jpg","datePublished":"2025-02-13T16:37:11+00:00","dateModified":"2025-09-05T13:39:14+00:00","breadcrumb":{"@id":"https:\/\/istitutopascalchieri.it\/en\/daisy-primary-school\/beginner-daisy\/#breadcrumb"},"inLanguage":"en-US","potentialAction":[{"@type":"ReadAction","target":["https:\/\/istitutopascalchieri.it\/en\/daisy-primary-school\/beginner-daisy\/"]}]},{"@type":"ImageObject","inLanguage":"en-US","@id":"https:\/\/istitutopascalchieri.it\/en\/daisy-primary-school\/beginner-daisy\/#primaryimage","url":"https:\/\/istitutopascalchieri.it\/wp-content\/uploads\/2025\/02\/beginner1.jpg","contentUrl":"https:\/\/istitutopascalchieri.it\/wp-content\/uploads\/2025\/02\/beginner1.jpg","width":1200,"height":1600,"caption":"Beginner Daisy"},{"@type":"BreadcrumbList","@id":"https:\/\/istitutopascalchieri.it\/en\/daisy-primary-school\/beginner-daisy\/#breadcrumb","itemListElement":[{"@type":"ListItem","position":1,"name":"Home","item":"https:\/\/istitutopascalchieri.it\/en\/"},{"@type":"ListItem","position":2,"name":"Beginner Daisy"}]},{"@type":"WebSite","@id":"https:\/\/istitutopascalchieri.it\/en\/#website","url":"https:\/\/istitutopascalchieri.it\/en\/","name":"Istituto Pascal Chieri","description":"","publisher":{"@id":"https:\/\/istitutopascalchieri.it\/en\/#organization"},"potentialAction":[{"@type":"SearchAction","target":{"@type":"EntryPoint","urlTemplate":"https:\/\/istitutopascalchieri.it\/en\/?s={search_term_string}"},"query-input":{"@type":"PropertyValueSpecification","valueRequired":true,"valueName":"search_term_string"}}],"inLanguage":"en-US"},{"@type":"Organization","@id":"https:\/\/istitutopascalchieri.it\/en\/#organization","name":"Istituto Pascal Chieri","url":"https:\/\/istitutopascalchieri.it\/en\/","logo":{"@type":"ImageObject","inLanguage":"en-US","@id":"https:\/\/istitutopascalchieri.it\/en\/#\/schema\/logo\/image\/","url":"https:\/\/istitutopascalchieri.it\/wp-content\/uploads\/2025\/10\/logo-giallo.png","contentUrl":"https:\/\/istitutopascalchieri.it\/wp-content\/uploads\/2025\/10\/logo-giallo.png","width":599,"height":348,"caption":"Istituto Pascal Chieri"},"image":{"@id":"https:\/\/istitutopascalchieri.it\/en\/#\/schema\/logo\/image\/"}}]}},"_links":{"self":[{"href":"https:\/\/istitutopascalchieri.it\/en\/wp-json\/wp\/v2\/pages\/3424","targetHints":{"allow":["GET"]}}],"collection":[{"href":"https:\/\/istitutopascalchieri.it\/en\/wp-json\/wp\/v2\/pages"}],"about":[{"href":"https:\/\/istitutopascalchieri.it\/en\/wp-json\/wp\/v2\/types\/page"}],"author":[{"embeddable":true,"href":"https:\/\/istitutopascalchieri.it\/en\/wp-json\/wp\/v2\/users\/1"}],"replies":[{"embeddable":true,"href":"https:\/\/istitutopascalchieri.it\/en\/wp-json\/wp\/v2\/comments?post=3424"}],"version-history":[{"count":1,"href":"https:\/\/istitutopascalchieri.it\/en\/wp-json\/wp\/v2\/pages\/3424\/revisions"}],"predecessor-version":[{"id":3427,"href":"https:\/\/istitutopascalchieri.it\/en\/wp-json\/wp\/v2\/pages\/3424\/revisions\/3427"}],"up":[{"embeddable":true,"href":"https:\/\/istitutopascalchieri.it\/en\/wp-json\/wp\/v2\/pages\/3482"}],"wp:featuredmedia":[{"embeddable":true,"href":"https:\/\/istitutopascalchieri.it\/en\/wp-json\/wp\/v2\/media\/3426"}],"wp:attachment":[{"href":"https:\/\/istitutopascalchieri.it\/en\/wp-json\/wp\/v2\/media?parent=3424"}],"curies":[{"name":"wp","href":"https:\/\/api.w.org\/{rel}","templated":true}]}}